{"id":15016,"date":"2019-10-23T06:49:31","date_gmt":"2019-10-23T04:49:31","guid":{"rendered":"https:\/\/www.neta.al\/product\/cabbage-red\/"},"modified":"2025-07-21T13:38:06","modified_gmt":"2025-07-21T11:38:06","slug":"cabbage-red-2","status":"publish","type":"product","link":"https:\/\/www.veghouse.al\/sq\/product\/cabbage-red-2\/","title":{"rendered":"Lakra (e kuqe)"},"content":{"rendered":"","protected":false},"excerpt":{"rendered":"<p data-start=\"86\" data-end=\"289\">Qoft\u00eb p\u00ebr dyqanin t\u00ebnd apo tregun lokal, ne t\u00eb ofrojm\u00eb gjith\u00e7ka q\u00eb t\u00eb duhet: produkte t\u00eb fresk\u00ebta, t\u00eb besueshme dhe gjithmon\u00eb n\u00eb dispozicion.<\/p>\n<p data-start=\"291\" data-end=\"455\"> <strong data-start=\"294\" data-end=\"336\">Mos e humb mund\u00ebsin\u00eb! Na kontakto tani<\/strong> p\u00ebr t\u00eb kontrolluar disponueshm\u00ebrin\u00eb, p\u00ebr t\u00eb zbuluar gam\u00ebn e plot\u00eb t\u00eb produkteve dhe p\u00ebr t\u00eb p\u00ebrfituar \u00e7mime ekskluzive.<\/p>\n<p data-start=\"457\" data-end=\"506\"><a href=\"https:\/\/www.veghouse.al\/sq\/contact-veg-house\/\"> <strong data-start=\"460\" data-end=\"506\">Kliko k\u00ebtu p\u00ebr t\u00eb kontaktuar me ne q\u00eb sot!<\/strong><\/a><\/p>\n","protected":false},"featured_media":15185,"template":"","meta":[],"product_brand":[],"product_cat":[94],"product_tag":[89,90,91,103,92,93],"class_list":{"0":"post-15016","1":"product","2":"type-product","3":"status-publish","4":"has-post-thumbnail","6":"product_cat-vegetable-sq","7":"product_tag-august-sq","8":"product_tag-july-sq","9":"product_tag-may-sq","10":"product_tag-april-sq","11":"product_tag-june-sq","12":"product_tag-september-sq","14":"first","15":"instock","16":"shipping-taxable","17":"product-type-simple"},"_links":{"self":[{"href":"https:\/\/www.veghouse.al\/sq\/wp-json\/wp\/v2\/product\/15016","targetHints":{"allow":["GET"]}}],"collection":[{"href":"https:\/\/www.veghouse.al\/sq\/wp-json\/wp\/v2\/product"}],"about":[{"href":"https:\/\/www.veghouse.al\/sq\/wp-json\/wp\/v2\/types\/product"}],"wp:featuredmedia":[{"embeddable":true,"href":"https:\/\/www.veghouse.al\/sq\/wp-json\/wp\/v2\/media\/15185"}],"wp:attachment":[{"href":"https:\/\/www.veghouse.al\/sq\/wp-json\/wp\/v2\/media?parent=15016"}],"wp:term":[{"taxonomy":"product_brand","embeddable":true,"href":"https:\/\/www.veghouse.al\/sq\/wp-json\/wp\/v2\/product_brand?post=15016"},{"taxonomy":"product_cat","embeddable":true,"href":"https:\/\/www.veghouse.al\/sq\/wp-json\/wp\/v2\/product_cat?post=15016"},{"taxonomy":"product_tag","embeddable":true,"href":"https:\/\/www.veghouse.al\/sq\/wp-json\/wp\/v2\/product_tag?post=15016"}],"curies":[{"name":"wp","href":"https:\/\/api.w.org\/{rel}","templated":true}]}}