{"id":14972,"date":"2019-11-10T13:53:09","date_gmt":"2019-11-10T12:53:09","guid":{"rendered":"https:\/\/www.neta.al\/product\/pepper-red\/"},"modified":"2025-07-21T13:33:16","modified_gmt":"2025-07-21T11:33:16","slug":"pepper-red-2","status":"publish","type":"product","link":"https:\/\/www.veghouse.al\/sq\/product\/pepper-red-2\/","title":{"rendered":"Speca (t\u00eb kuqe)"},"content":{"rendered":"","protected":false},"excerpt":{"rendered":"<p data-start=\"86\" data-end=\"289\">Qoft\u00eb p\u00ebr dyqanin t\u00ebnd apo tregun lokal, ne t\u00eb ofrojm\u00eb gjith\u00e7ka q\u00eb t\u00eb duhet: produkte t\u00eb fresk\u00ebta, t\u00eb besueshme dhe gjithmon\u00eb n\u00eb dispozicion.<\/p>\n<p data-start=\"291\" data-end=\"455\"> <strong data-start=\"294\" data-end=\"336\">Mos e humb mund\u00ebsin\u00eb! Na kontakto tani<\/strong> p\u00ebr t\u00eb kontrolluar disponueshm\u00ebrin\u00eb, p\u00ebr t\u00eb zbuluar gam\u00ebn e plot\u00eb t\u00eb produkteve dhe p\u00ebr t\u00eb p\u00ebrfituar \u00e7mime ekskluzive.<\/p>\n<p data-start=\"457\" data-end=\"506\"><a href=\"https:\/\/www.veghouse.al\/sq\/contact-veg-house\/\"> <strong data-start=\"460\" data-end=\"506\">Kliko k\u00ebtu p\u00ebr t\u00eb kontaktuar me ne q\u00eb sot!<\/strong><\/a><\/p>\n","protected":false},"featured_media":15195,"template":"","meta":[],"product_brand":[],"product_cat":[94],"product_tag":[101,110,90,91,111,102,103,92,93,104],"class_list":{"0":"post-14972","1":"product","2":"type-product","3":"status-publish","4":"has-post-thumbnail","6":"product_cat-vegetable-sq","7":"product_tag-december-al","8":"product_tag-january-sq","9":"product_tag-july-sq","10":"product_tag-may-sq","11":"product_tag-march-sq","12":"product_tag-november-sq","13":"product_tag-april-sq","14":"product_tag-june-sq","15":"product_tag-september-sq","16":"product_tag-october-sq","18":"first","19":"instock","20":"shipping-taxable","21":"product-type-simple"},"_links":{"self":[{"href":"https:\/\/www.veghouse.al\/sq\/wp-json\/wp\/v2\/product\/14972","targetHints":{"allow":["GET"]}}],"collection":[{"href":"https:\/\/www.veghouse.al\/sq\/wp-json\/wp\/v2\/product"}],"about":[{"href":"https:\/\/www.veghouse.al\/sq\/wp-json\/wp\/v2\/types\/product"}],"wp:featuredmedia":[{"embeddable":true,"href":"https:\/\/www.veghouse.al\/sq\/wp-json\/wp\/v2\/media\/15195"}],"wp:attachment":[{"href":"https:\/\/www.veghouse.al\/sq\/wp-json\/wp\/v2\/media?parent=14972"}],"wp:term":[{"taxonomy":"product_brand","embeddable":true,"href":"https:\/\/www.veghouse.al\/sq\/wp-json\/wp\/v2\/product_brand?post=14972"},{"taxonomy":"product_cat","embeddable":true,"href":"https:\/\/www.veghouse.al\/sq\/wp-json\/wp\/v2\/product_cat?post=14972"},{"taxonomy":"product_tag","embeddable":true,"href":"https:\/\/www.veghouse.al\/sq\/wp-json\/wp\/v2\/product_tag?post=14972"}],"curies":[{"name":"wp","href":"https:\/\/api.w.org\/{rel}","templated":true}]}}