{"id":14969,"date":"2019-11-10T14:57:51","date_gmt":"2019-11-10T13:57:51","guid":{"rendered":"https:\/\/www.neta.al\/product\/cucumber-short\/"},"modified":"2025-07-21T13:21:36","modified_gmt":"2025-07-21T11:21:36","slug":"cucumber-short-3","status":"publish","type":"product","link":"https:\/\/www.veghouse.al\/it\/product\/cucumber-short-3\/","title":{"rendered":"CETRIOLO (CORTO)"},"content":{"rendered":"","protected":false},"excerpt":{"rendered":"<p data-start=\"80\" data-end=\"286\"><strong data-start=\"80\" data-end=\"147\">Vuoi far crescere il tuo business con prodotti di alta qualit\u00e0?<\/strong><br data-start=\"147\" data-end=\"150\" \/>Che tu stia rifornendo il tuo negozio o il mercato locale, abbiamo ci\u00f2 che ti serve: freschezza, affidabilit\u00e0 e disponibilit\u00e0 garantita.<\/p>\n<p data-start=\"288\" data-end=\"440\"> <strong data-start=\"291\" data-end=\"334\">Non perdere l\u2019occasione! Contattaci ora<\/strong> per verificare la disponibilit\u00e0 dei prodotti, scoprire tutta la nostra gamma e ottenere prezzi esclusivi.<\/p>\n<p data-start=\"442\" data-end=\"505\"><a href=\"https:\/\/www.veghouse.al\/it\/contact-veg-house\/\"> <strong data-start=\"445\" data-end=\"505\">Clicca qui per metterti in contatto con noi oggi stesso!<\/strong><\/a><\/p>\n","protected":false},"featured_media":15205,"template":"","meta":[],"product_brand":[],"product_cat":[100],"product_tag":[95,105,106,96,97,98,115,108,109,99],"class_list":{"0":"post-14969","1":"product","2":"type-product","3":"status-publish","4":"has-post-thumbnail","6":"product_cat-verdura","7":"product_tag-agosto","8":"product_tag-aprile","9":"product_tag-dicembre","10":"product_tag-giugno","11":"product_tag-luglio","12":"product_tag-maggio","13":"product_tag-marzo","14":"product_tag-novembre","15":"product_tag-ottobre","16":"product_tag-settembre","18":"first","19":"instock","20":"shipping-taxable","21":"product-type-simple"},"_links":{"self":[{"href":"https:\/\/www.veghouse.al\/it\/wp-json\/wp\/v2\/product\/14969","targetHints":{"allow":["GET"]}}],"collection":[{"href":"https:\/\/www.veghouse.al\/it\/wp-json\/wp\/v2\/product"}],"about":[{"href":"https:\/\/www.veghouse.al\/it\/wp-json\/wp\/v2\/types\/product"}],"wp:featuredmedia":[{"embeddable":true,"href":"https:\/\/www.veghouse.al\/it\/wp-json\/wp\/v2\/media\/15205"}],"wp:attachment":[{"href":"https:\/\/www.veghouse.al\/it\/wp-json\/wp\/v2\/media?parent=14969"}],"wp:term":[{"taxonomy":"product_brand","embeddable":true,"href":"https:\/\/www.veghouse.al\/it\/wp-json\/wp\/v2\/product_brand?post=14969"},{"taxonomy":"product_cat","embeddable":true,"href":"https:\/\/www.veghouse.al\/it\/wp-json\/wp\/v2\/product_cat?post=14969"},{"taxonomy":"product_tag","embeddable":true,"href":"https:\/\/www.veghouse.al\/it\/wp-json\/wp\/v2\/product_tag?post=14969"}],"curies":[{"name":"wp","href":"https:\/\/api.w.org\/{rel}","templated":true}]}}