{"id":14953,"date":"2024-03-02T07:20:59","date_gmt":"2024-03-02T06:20:59","guid":{"rendered":"https:\/\/www.neta.al\/product\/cabbage\/"},"modified":"2025-07-21T19:28:57","modified_gmt":"2025-07-21T17:28:57","slug":"cabbage-3","status":"publish","type":"product","link":"https:\/\/www.veghouse.al\/it\/product\/cabbage-3\/","title":{"rendered":"Cavolo"},"content":{"rendered":"","protected":false},"excerpt":{"rendered":"<p data-start=\"80\" data-end=\"286\"><strong data-start=\"80\" data-end=\"147\">Vuoi far crescere il tuo business con prodotti di alta qualit\u00e0?<\/strong><br data-start=\"147\" data-end=\"150\" \/>Che tu stia rifornendo il tuo negozio o il mercato locale, abbiamo ci\u00f2 che ti serve: freschezza, affidabilit\u00e0 e disponibilit\u00e0 garantita.<\/p>\n<p data-start=\"288\" data-end=\"440\"> <strong data-start=\"291\" data-end=\"334\">Non perdere l\u2019occasione! Contattaci ora<\/strong> per verificare la disponibilit\u00e0 dei prodotti, scoprire tutta la nostra gamma e ottenere prezzi esclusivi.<\/p>\n<p data-start=\"442\" data-end=\"505\"><a href=\"https:\/\/www.veghouse.al\/it\/contact-veg-house\/\"> <strong data-start=\"445\" data-end=\"505\">Clicca qui per metterti in contatto con noi oggi stesso!<\/strong><\/a><\/p>\n","protected":false},"featured_media":15208,"template":"","meta":[],"product_brand":[],"product_cat":[100],"product_tag":[95,78,105,73,96,75,76,97,98,81,77,99],"class_list":{"0":"post-14953","1":"product","2":"type-product","3":"status-publish","4":"has-post-thumbnail","6":"product_cat-verdura","7":"product_tag-agosto","8":"product_tag-april","9":"product_tag-aprile","10":"product_tag-august","11":"product_tag-giugno","12":"product_tag-july","13":"product_tag-june","14":"product_tag-luglio","15":"product_tag-maggio","16":"product_tag-may","17":"product_tag-september","18":"product_tag-settembre","20":"first","21":"instock","22":"shipping-taxable","23":"product-type-simple"},"_links":{"self":[{"href":"https:\/\/www.veghouse.al\/it\/wp-json\/wp\/v2\/product\/14953","targetHints":{"allow":["GET"]}}],"collection":[{"href":"https:\/\/www.veghouse.al\/it\/wp-json\/wp\/v2\/product"}],"about":[{"href":"https:\/\/www.veghouse.al\/it\/wp-json\/wp\/v2\/types\/product"}],"wp:featuredmedia":[{"embeddable":true,"href":"https:\/\/www.veghouse.al\/it\/wp-json\/wp\/v2\/media\/15208"}],"wp:attachment":[{"href":"https:\/\/www.veghouse.al\/it\/wp-json\/wp\/v2\/media?parent=14953"}],"wp:term":[{"taxonomy":"product_brand","embeddable":true,"href":"https:\/\/www.veghouse.al\/it\/wp-json\/wp\/v2\/product_brand?post=14953"},{"taxonomy":"product_cat","embeddable":true,"href":"https:\/\/www.veghouse.al\/it\/wp-json\/wp\/v2\/product_cat?post=14953"},{"taxonomy":"product_tag","embeddable":true,"href":"https:\/\/www.veghouse.al\/it\/wp-json\/wp\/v2\/product_tag?post=14953"}],"curies":[{"name":"wp","href":"https:\/\/api.w.org\/{rel}","templated":true}]}}