{"id":15957,"date":"2024-06-19T11:12:47","date_gmt":"2024-06-19T09:12:47","guid":{"rendered":"https:\/\/www.veghouse.al\/contact-veg-house\/"},"modified":"2025-07-21T18:01:46","modified_gmt":"2025-07-21T16:01:46","slug":"contact-veg-house","status":"publish","type":"page","link":"https:\/\/www.veghouse.al\/it\/contact-veg-house\/","title":{"rendered":"Contattaci"},"content":{"rendered":"\t\t<div data-elementor-type=\"wp-page\" data-elementor-id=\"15957\" class=\"elementor elementor-15957 elementor-501\">\n\t\t\t\t<div class=\" elementor-element elementor-element-063daaa e-flex e-con-boxed section-light e-con e-parent\" data-id=\"063daaa\" data-element_type=\"container\">\n\t\t\t\t\t<div class=\"e-con-inner\">\n\t\t<div class=\"entrance-animation  elementor-element elementor-element-b612bbc e-con-full e-flex section-light e-con e-child\" data-anime=\"{&quot;duration&quot;:300,&quot;staggervalue&quot;:100,&quot;easing&quot;:&quot;easeOutQuad&quot;,&quot;targets&quot;:&quot;.elementor-element-b612bbc.entrance-animation&gt; .e-child,.elementor-element-b612bbc.entrance-animation&gt; .e-con-inner &gt; .e-con-full.e-child,.elementor-element-b612bbc.entrance-animation&gt; .elementor-widget,.elementor-element-b612bbc.entrance-animation&gt; .e-con-inner &gt; .elementor-widget&quot;,&quot;opacity&quot;:[0,1],&quot;translateY&quot;:[50,0]}\" data-id=\"b612bbc\" data-element_type=\"container\">\n\t\t\t\t<div class=\"elementor-element elementor-element-e768ba3 elementor-widget elementor-widget-crafto-image\" data-id=\"e768ba3\" data-element_type=\"widget\" data-widget_type=\"crafto-image.default\">\n\t\t\t\t<div class=\"elementor-widget-container\">\n\t\t\t\t\t\t\t\t<div class=\"crafto-image-wrapper\">\n\t\t\t\t\t\t\t\t<div class=\"image-box\">\n\t\t\t\t\t<div class=\"image-wrapper\">\n\t\t\t\t\t\t<img fetchpriority=\"high\" decoding=\"async\" width=\"700\" height=\"800\" src=\"https:\/\/www.veghouse.al\/wp-content\/uploads\/2025\/07\/primo.jpg\" class=\"elementor-animation-\" alt=\"primo\" \/>\t\t\t\t\t<\/div>\n\t\t\t\t<\/div>\n\t\t\t\t\t\t\t<\/div>\n\t\t\t\t\t\t\t<\/div>\n\t\t\t\t<\/div>\n\t\t\t\t<div class=\"entrance-animation elementor-element elementor-element-54384af elementor-widget elementor-widget-crafto-heading\" data-anime=\"{&quot;duration&quot;:300,&quot;staggervalue&quot;:100,&quot;easing&quot;:&quot;easeOutQuad&quot;,&quot;opacity&quot;:[0,1]}\" data-id=\"54384af\" data-element_type=\"widget\" data-widget_type=\"crafto-heading.default\">\n\t\t\t\t<div class=\"elementor-widget-container\">\n\t\t\t\t\t<h4 class=\"crafto-heading\"><span class=\"crafto-primary-title\">Non esitate a chiederci informazioni sulla disponibilit\u00e0 dei prodotti, a richiedere un preventivo, ecc...<\/span><\/h4>\t\t\t\t<\/div>\n\t\t\t\t<\/div>\n\t\t\t\t<\/div>\n\t\t<div class=\" elementor-element elementor-element-324b5f0 e-con-full e-flex section-light e-con e-child\" data-id=\"324b5f0\" data-element_type=\"container\">\n\t\t<div class=\"entrance-animation  elementor-element elementor-element-d69084c e-con-full e-flex section-light e-con e-child\" data-anime=\"{&quot;duration&quot;:300,&quot;staggervalue&quot;:100,&quot;easing&quot;:&quot;easeOutQuad&quot;,&quot;targets&quot;:&quot;.elementor-element-d69084c.entrance-animation&gt; .e-child,.elementor-element-d69084c.entrance-animation&gt; .e-con-inner &gt; .e-con-full.e-child,.elementor-element-d69084c.entrance-animation&gt; .elementor-widget,.elementor-element-d69084c.entrance-animation&gt; .e-con-inner &gt; .elementor-widget&quot;,&quot;opacity&quot;:[0,1],&quot;translateY&quot;:[30,0]}\" data-id=\"d69084c\" data-element_type=\"container\">\n\t\t<div class=\" elementor-element elementor-element-47ea0e3 e-con-full e-flex section-light e-con e-child\" data-id=\"47ea0e3\" data-element_type=\"container\">\n\t\t\t\t<div class=\"elementor-element elementor-element-e72cb69 elementor-position-left elementor-vertical-align-middle elementor-view-default elementor-widget elementor-widget-crafto-icon-box\" data-id=\"e72cb69\" data-element_type=\"widget\" data-widget_type=\"crafto-icon-box.default\">\n\t\t\t\t<div class=\"elementor-widget-container\">\n\t\t\t\t\t\t\t\t<div class=\"elementor-icon-box-wrapper crafto-icon-box-wrapper\">\n\t\t\t\t\t\t\t\t\t<div class=\"elementor-icon-box-icon \">\n\t\t\t\t\t\t\t\t\t\t<span class=\"elementor-icon elementor-animation-\" >\n\t\t\t\t<i aria-hidden=\"true\" class=\"bi bi-telephone-outbound\"><\/i>\t\t\t\t<\/span>\n\t\t\t\t\t\t\t\t\t<\/div>\n\t\t\t\t\t\t\t\t\t<div class=\"elementor-icon-box-content\">\n\t\t\t\t\t\t\t\t\t\t\t<div class=\"elementor-icon-box-title\">\n\t\t\t\t\t\t\t<span >\n\t\t\t\t\t\t\tVuoi contattarci?\t\t\t\t\t\t\t<\/span>\n\t\t\t\t\t\t<\/div>\n\t\t\t\t\t\t\t\t\t\t\t\t<p class=\"elementor-icon-box-description\">\n\t\t\t\t\t\t\t<a href=\"tel:+355693732109\">+355 69 373 2109<\/a>\t\t\t\t\t\t<\/p>\n\t\t\t\t\t\t\t\t\t\t<\/div>\n\t\t\t<\/div>\n\t\t\t\t\t\t\t<\/div>\n\t\t\t\t<\/div>\n\t\t\t\t<\/div>\n\t\t<div class=\" elementor-element elementor-element-66b94fe e-con-full e-flex section-light e-con e-child\" data-id=\"66b94fe\" data-element_type=\"container\">\n\t\t\t\t<div class=\"elementor-element elementor-element-12a373f elementor-position-left elementor-vertical-align-middle elementor-view-default elementor-widget elementor-widget-crafto-icon-box\" data-id=\"12a373f\" data-element_type=\"widget\" data-widget_type=\"crafto-icon-box.default\">\n\t\t\t\t<div class=\"elementor-widget-container\">\n\t\t\t\t\t\t\t\t<div class=\"elementor-icon-box-wrapper crafto-icon-box-wrapper\">\n\t\t\t\t\t\t\t\t\t<div class=\"elementor-icon-box-icon \">\n\t\t\t\t\t\t\t\t\t\t<span class=\"elementor-icon elementor-animation-\" >\n\t\t\t\t<i aria-hidden=\"true\" class=\"bi bi-envelope-open\"><\/i>\t\t\t\t<\/span>\n\t\t\t\t\t\t\t\t\t<\/div>\n\t\t\t\t\t\t\t\t\t<div class=\"elementor-icon-box-content\">\n\t\t\t\t\t\t\t\t\t\t\t<div class=\"elementor-icon-box-title\">\n\t\t\t\t\t\t\t<span >\n\t\t\t\t\t\t\tScrivi un'e-mail\t\t\t\t\t\t\t<\/span>\n\t\t\t\t\t\t<\/div>\n\t\t\t\t\t\t\t\t\t\t\t\t<p class=\"elementor-icon-box-description\">\n\t\t\t\t\t\t\t<a href=\"mailto:info@veghouse.al\">info@veghouse.al<\/a>\t\t\t\t\t\t<\/p>\n\t\t\t\t\t\t\t\t\t\t<\/div>\n\t\t\t<\/div>\n\t\t\t\t\t\t\t<\/div>\n\t\t\t\t<\/div>\n\t\t\t\t<\/div>\n\t\t<div class=\" elementor-element elementor-element-e4e7f43 e-con-full e-flex section-light e-con e-child\" data-id=\"e4e7f43\" data-element_type=\"container\">\n\t\t\t\t<div class=\"elementor-element elementor-element-ebe75b9 elementor-position-left elementor-vertical-align-middle elementor-mobile-position-left elementor-mobile-vertical-align-middle elementor-view-default elementor-widget elementor-widget-crafto-icon-box\" data-id=\"ebe75b9\" data-element_type=\"widget\" data-widget_type=\"crafto-icon-box.default\">\n\t\t\t\t<div class=\"elementor-widget-container\">\n\t\t\t\t\t\t\t\t<div class=\"elementor-icon-box-wrapper crafto-icon-box-wrapper\">\n\t\t\t\t\t\t\t\t\t<div class=\"elementor-icon-box-icon \">\n\t\t\t\t\t\t\t\t\t\t<span class=\"elementor-icon elementor-animation-\" >\n\t\t\t\t<i aria-hidden=\"true\" class=\"bi bi-geo-alt\"><\/i>\t\t\t\t<\/span>\n\t\t\t\t\t\t\t\t\t<\/div>\n\t\t\t\t\t\t\t\t\t<div class=\"elementor-icon-box-content\">\n\t\t\t\t\t\t\t\t\t\t\t<div class=\"elementor-icon-box-title\">\n\t\t\t\t\t\t\t<span >\n\t\t\t\t\t\t\tVenite a trovarci\t\t\t\t\t\t\t<\/span>\n\t\t\t\t\t\t<\/div>\n\t\t\t\t\t\t\t\t\t\t\t\t<p class=\"elementor-icon-box-description\">\n\t\t\t\t\t\t\tR\u00ebr\u00ebz, Kutalli, Berat, Albania\t\t\t\t\t\t<\/p>\n\t\t\t\t\t\t\t\t\t\t<\/div>\n\t\t\t<\/div>\n\t\t\t\t\t\t\t<\/div>\n\t\t\t\t<\/div>\n\t\t\t\t<\/div>\n\t\t<div class=\" elementor-element elementor-element-db6bb5a e-con-full e-flex section-light e-con e-child\" data-id=\"db6bb5a\" data-element_type=\"container\">\n\t\t\t\t<div class=\"elementor-element elementor-element-41eb96f elementor-position-left elementor-vertical-align-middle elementor-view-default elementor-widget elementor-widget-crafto-icon-box\" data-id=\"41eb96f\" data-element_type=\"widget\" data-widget_type=\"crafto-icon-box.default\">\n\t\t\t\t<div class=\"elementor-widget-container\">\n\t\t\t\t\t\t\t\t<div class=\"elementor-icon-box-wrapper crafto-icon-box-wrapper\">\n\t\t\t\t\t\t\t\t\t<div class=\"elementor-icon-box-icon \">\n\t\t\t\t\t\t\t\t\t\t<span class=\"elementor-icon elementor-animation-\" >\n\t\t\t\t<i aria-hidden=\"true\" class=\"bi bi-chat-text\"><\/i>\t\t\t\t<\/span>\n\t\t\t\t\t\t\t\t\t<\/div>\n\t\t\t\t\t\t\t\t\t<div class=\"elementor-icon-box-content\">\n\t\t\t\t\t\t\t\t\t\t\t<div class=\"elementor-icon-box-title\">\n\t\t\t\t\t\t\t<span >\n\t\t\t\t\t\t\tHai bisogno della chat dal vivo?\t\t\t\t\t\t\t<\/span>\n\t\t\t\t\t\t<\/div>\n\t\t\t\t\t\t\t\t\t\t\t\t<p class=\"elementor-icon-box-description\">\n\t\t\t\t\t\t\tChat Whatsapp\t\t\t\t\t\t<\/p>\n\t\t\t\t\t\t\t\t\t\t<\/div>\n\t\t\t<\/div>\n\t\t\t\t\t\t\t<\/div>\n\t\t\t\t<\/div>\n\t\t\t\t<\/div>\n\t\t\t\t<\/div>\n\t\t<div class=\"entrance-animation  elementor-element elementor-element-6108034 e-con-full e-flex section-light e-con e-child\" data-anime=\"{&quot;duration&quot;:500,&quot;delay&quot;:200,&quot;staggervalue&quot;:200,&quot;easing&quot;:&quot;easeOutQuad&quot;,&quot;opacity&quot;:[0,1]}\" data-id=\"6108034\" data-element_type=\"container\" data-settings=\"{&quot;background_background&quot;:&quot;classic&quot;}\">\n\t\t\t\t<div class=\"elementor-element elementor-element-f7ce330 elementor-widget elementor-widget-crafto-text-rotator\" data-id=\"f7ce330\" data-element_type=\"widget\" data-widget_type=\"crafto-text-rotator.default\">\n\t\t\t\t<div class=\"elementor-widget-container\">\n\t\t\t\t\t\t\t\t<h2 class=\"crafto-text-rotator\">\n\t\t\t\t\t\t\t\t\t<span class=\"text-rotate-title\">\n\t\t\t\t\t\tChiedi di\t\t\t\t\t<\/span>\n\t\t\t\t\t\t\t\t\t<span class=\"text-rotator\" data-fancy-text=\"{&quot;string&quot;:[&quot;disponibilit\\u00e0 di prodotti&quot;,&quot;una stima&quot;,&quot;maggiori informazioni&quot;],&quot;effect&quot;:&quot;wave&quot;,&quot;direction&quot;:&quot;up&quot;,&quot;easing&quot;:&quot;easeOutQuad&quot;,&quot;speed&quot;:50}\">\n\t\t\t\t\tdisponibilit\u00e0 di prodottiuna stimamaggiori informazioni\t\t\t\t<\/span>\n\t\t\t\t\t\t\t\t<\/h2>\n\t\t\t\t\t\t\t<\/div>\n\t\t\t\t<\/div>\n\t\t\t\t<div class=\"elementor-element elementor-element-edeb73a elementor-absolute elementor-view-default elementor-widget elementor-widget-icon\" data-id=\"edeb73a\" data-element_type=\"widget\" data-settings=\"{&quot;_position&quot;:&quot;absolute&quot;}\" data-widget_type=\"icon.default\">\n\t\t\t\t<div class=\"elementor-widget-container\">\n\t\t\t\t\t\t\t<div class=\"elementor-icon-wrapper\">\n\t\t\t<div class=\"elementor-icon\">\n\t\t\t<i aria-hidden=\"true\" class=\"bi bi-chat-text\"><\/i>\t\t\t<\/div>\n\t\t<\/div>\n\t\t\t\t\t\t<\/div>\n\t\t\t\t<\/div>\n\t\t\t\t<div class=\"elementor-element elementor-element-0dc36bc elementor-widget elementor-widget-crafto-contact-form\" data-id=\"0dc36bc\" data-element_type=\"widget\" data-widget_type=\"crafto-contact-form.default\">\n\t\t\t\t<div class=\"elementor-widget-container\">\n\t\t\t\t\t\t\t\t<div class=\"contact-form-wrapper\">\n\t\t\t\t\n<div class=\"wpcf7 no-js\" id=\"wpcf7-f16036-o1\" lang=\"en-US\" dir=\"ltr\" data-wpcf7-id=\"16036\">\n<div class=\"screen-reader-response\"><p role=\"status\" aria-live=\"polite\" aria-atomic=\"true\"><\/p> <ul><\/ul><\/div>\n<form action=\"\/it\/wp-json\/wp\/v2\/pages\/15957#wpcf7-f16036-o1\" method=\"post\" class=\"wpcf7-form init\" aria-label=\"Contact form\" novalidate=\"novalidate\" data-status=\"init\">\n<fieldset class=\"hidden-fields-container\"><input type=\"hidden\" name=\"_wpcf7\" value=\"16036\" \/><input type=\"hidden\" name=\"_wpcf7_version\" value=\"6.1.3\" \/><input type=\"hidden\" name=\"_wpcf7_locale\" value=\"en_US\" \/><input type=\"hidden\" name=\"_wpcf7_unit_tag\" value=\"wpcf7-f16036-o1\" \/><input type=\"hidden\" name=\"_wpcf7_container_post\" value=\"0\" \/><input type=\"hidden\" name=\"_wpcf7_posted_data_hash\" value=\"\" \/>\n<\/fieldset>\n<div class=\"crafto-form-style-5\">\n\t<div class=\"row\">\n\t\t<div class=\"col-md-6\">\n\t\t\t<p><label>Il tuo nome*<\/label>\n\t\t\t<\/p>\n\t\t\t<div class=\"input-wrapper\">\n\t\t\t\t<p><i class=\"bi bi-pencil-square\"><\/i><label class=\"screen-reader-text\" for=\"your-name\">Il tuo nome<\/label><span class=\"wpcf7-form-control-wrap\" data-name=\"your-name\"><input size=\"40\" maxlength=\"400\" class=\"wpcf7-form-control wpcf7-text wpcf7-validates-as-required\" id=\"your-name\" aria-required=\"true\" aria-invalid=\"false\" placeholder=\"Inserisci il tuo nome\" value=\"\" type=\"text\" name=\"your-name\" \/><\/span>\n\t\t\t\t<\/p>\n\t\t\t<\/div>\n\t\t<\/div>\n\t\t<div class=\"col-md-6\">\n\t\t\t<p><label>Il tuo indirizzo email*<\/label>\n\t\t\t<\/p>\n\t\t\t<div class=\"input-wrapper\">\n\t\t\t\t<p><i class=\"bi bi-envelope\"><\/i><label class=\"screen-reader-text\" for=\"your-email-address\">Il tuo indirizzo email<\/label><span class=\"wpcf7-form-control-wrap\" data-name=\"your-email-address\"><input size=\"40\" maxlength=\"400\" class=\"wpcf7-form-control wpcf7-email wpcf7-validates-as-required wpcf7-text wpcf7-validates-as-email\" id=\"your-email-address\" aria-required=\"true\" aria-invalid=\"false\" placeholder=\"Inserisci il tuo indirizzo email\" value=\"\" type=\"email\" name=\"your-email-address\" \/><\/span>\n\t\t\t\t<\/p>\n\t\t\t<\/div>\n\t\t<\/div>\n\t\t<div class=\"col-md-6\">\n\t\t\t<p><label>Il tuo numero di telefono<\/label>\n\t\t\t<\/p>\n\t\t\t<div class=\"input-wrapper\">\n\t\t\t\t<p><i class=\"bi bi-telephone\"><\/i><label class=\"screen-reader-text\" for=\"your-phone\">Il tuo telefono<\/label><span class=\"wpcf7-form-control-wrap\" data-name=\"your-phone\"><input size=\"40\" maxlength=\"400\" class=\"wpcf7-form-control wpcf7-text\" id=\"your-phone\" aria-invalid=\"false\" placeholder=\"Inserisci il tuo numero di telefono\" value=\"\" type=\"text\" name=\"your-phone\" \/><\/span>\n\t\t\t\t<\/p>\n\t\t\t<\/div>\n\t\t<\/div>\n\t\t<div class=\"col-md-6\">\n\t\t\t<p><label>Soggetto<\/label>\n\t\t\t<\/p>\n\t\t\t<div class=\"input-wrapper\">\n\t\t\t\t<p><i class=\"bi bi-journals\"><\/i><label class=\"screen-reader-text\" for=\"your-subject\">Soggetto<\/label><span class=\"wpcf7-form-control-wrap\" data-name=\"your-subject\"><input size=\"40\" maxlength=\"400\" class=\"wpcf7-form-control wpcf7-text\" id=\"your-subject\" aria-invalid=\"false\" placeholder=\"Oggetto del messaggio\" value=\"\" type=\"text\" name=\"your-subject\" \/><\/span>\n\t\t\t\t<\/p>\n\t\t\t<\/div>\n\t\t<\/div>\n\t\t<div class=\"col-12\">\n\t\t\t<p><span id=\"wpcf7-69e742b629357-wrapper\" class=\"wpcf7-form-control-wrap honeypot-872-wrap\" style=\"display:none !important; visibility:hidden !important;\"><input type=\"hidden\" name=\"honeypot-872-time-start\" value=\"1776763574\"><input type=\"hidden\" name=\"honeypot-872-time-check\" value=\"4\"><label for=\"wpcf7-69e742b629357-field\" class=\"hp-message\">Please leave this field empty.<\/label><input id=\"wpcf7-69e742b629357-field\"  class=\"wpcf7-form-control wpcf7-text\" type=\"text\" name=\"honeypot-872\" value=\"\" size=\"40\" tabindex=\"-1\" autocomplete=\"new-password\" \/><\/span><br \/>\n<label>Il tuo messaggio<\/label>\n\t\t\t<\/p>\n\t\t\t<div class=\"input-wrapper textarea-wrapper\">\n\t\t\t\t<p><i class=\"bi bi-chat-square-dots\"><\/i><label class=\"screen-reader-text\" for=\"your-message\">Il tuo messaggio<\/label><span class=\"wpcf7-form-control-wrap\" data-name=\"your-message\"><textarea cols=\"10\" rows=\"4\" maxlength=\"2000\" class=\"wpcf7-form-control wpcf7-textarea\" id=\"your-message\" aria-invalid=\"false\" placeholder=\"Descrivi il tuo interesse\" name=\"your-message\"><\/textarea><\/span>\n\t\t\t\t<\/p>\n\t\t\t<\/div>\n\t\t<\/div>\n\t\t<div class=\"col-md-8\">\n\t\t<\/div>\n\t\t<div class=\"col-md-4 crafto-button-wrapper contact-simple text-center text-md-end\">\n\t\t\t<div class=\"contact-wpcf7-spinner\">\n\t\t\t\t<p><input class=\"wpcf7-form-control wpcf7-submit has-spinner elementor-button elementor-size-md elementor-animation-float-2px\" type=\"submit\" value=\"Invia messaggio\" \/>\n\t\t\t\t<\/p>\n\t\t\t<\/div>\n\t\t<\/div>\n\t<\/div>\n<\/div><div class=\"wpcf7-response-output\" aria-hidden=\"true\"><\/div>\n<\/form>\n<\/div>\n\t\t\t<\/div>\n\t\t\t\t\t\t\t<\/div>\n\t\t\t\t<\/div>\n\t\t\t\t<\/div>\n\t\t\t\t<\/div>\n\t\t\t\t\t<\/div>\n\t\t\t\t<\/div>\n\t\t<div class=\" elementor-element elementor-element-1982d56 e-con-full e-flex section-light e-con e-parent\" data-id=\"1982d56\" data-element_type=\"container\">\n\t\t\t\t<div class=\"elementor-element elementor-element-6720ddb elementor-widget elementor-widget-google_maps\" data-id=\"6720ddb\" data-element_type=\"widget\" data-widget_type=\"google_maps.default\">\n\t\t\t\t<div class=\"elementor-widget-container\">\n\t\t\t\t\t\t\t<div class=\"elementor-custom-embed\">\n\t\t\t<iframe loading=\"lazy\"\n\t\t\t\t\tsrc=\"https:\/\/maps.google.com\/maps?q=Veg-House%20sh.p.k%2C%20Hatillari%2C%205009&#038;t=m&#038;z=13&#038;output=embed&#038;iwloc=near\"\n\t\t\t\t\ttitle=\"Veg-House sh.p.k, Hatillari, 5009\"\n\t\t\t\t\taria-label=\"Veg-House sh.p.k, Hatillari, 5009\"\n\t\t\t><\/iframe>\n\t\t<\/div>\n\t\t\t\t\t\t<\/div>\n\t\t\t\t<\/div>\n\t\t\t\t<\/div>\n\t\t\t\t<\/div>\n\t\t","protected":false},"excerpt":{"rendered":"<p>Non esitate a chiederci informazioni sulla disponibilit\u00e0 dei prodotti, a richiedere un preventivo, ecc&#8230; Vuoi contattarci? +355 69 373 2109 Scrivi un&#8217;e-mail info@veghouse.al Venite a trovarci R\u00ebr\u00ebz, Kutalli, Berat, Albania Hai bisogno della chat dal vivo? Chat Whatsapp Chiedi di disponibilit\u00e0 di prodottiuna stimamaggiori informazioni Il tuo nome* Il tuo nome Il tuo indirizzo email* [&hellip;]<\/p>\n","protected":false},"author":1,"featured_media":0,"parent":0,"menu_order":0,"comment_status":"closed","ping_status":"closed","template":"","meta":{"footnotes":""},"class_list":["post-15957","page","type-page","status-publish","hentry"],"_links":{"self":[{"href":"https:\/\/www.veghouse.al\/it\/wp-json\/wp\/v2\/pages\/15957","targetHints":{"allow":["GET"]}}],"collection":[{"href":"https:\/\/www.veghouse.al\/it\/wp-json\/wp\/v2\/pages"}],"about":[{"href":"https:\/\/www.veghouse.al\/it\/wp-json\/wp\/v2\/types\/page"}],"author":[{"embeddable":true,"href":"https:\/\/www.veghouse.al\/it\/wp-json\/wp\/v2\/users\/1"}],"replies":[{"embeddable":true,"href":"https:\/\/www.veghouse.al\/it\/wp-json\/wp\/v2\/comments?post=15957"}],"version-history":[{"count":7,"href":"https:\/\/www.veghouse.al\/it\/wp-json\/wp\/v2\/pages\/15957\/revisions"}],"predecessor-version":[{"id":16039,"href":"https:\/\/www.veghouse.al\/it\/wp-json\/wp\/v2\/pages\/15957\/revisions\/16039"}],"wp:attachment":[{"href":"https:\/\/www.veghouse.al\/it\/wp-json\/wp\/v2\/media?parent=15957"}],"curies":[{"name":"wp","href":"https:\/\/api.w.org\/{rel}","templated":true}]}}